{"id":1788,"date":"2023-09-27T20:53:36","date_gmt":"2023-09-28T00:53:36","guid":{"rendered":"https:\/\/sustanasolutions.com\/contact\/"},"modified":"2024-01-11T20:10:56","modified_gmt":"2024-01-11T20:10:56","slug":"nous-joindre","status":"publish","type":"page","link":"https:\/\/sustanasolutions.com\/fr\/nous-joindre\/","title":{"rendered":"Nous joindre"},"content":{"rendered":"<h1>Nous joindre <\/h1>\n<h4>Nous sommes \u00e0 l\u2019\u00e9coute. <\/h4>\n<p>Appelez-nous, \u00e9crivez-nous, ou consultez notre liste de distributeurs pour trouver celui qui est le plus pr\u00e8s de chez vous.<\/p>\n<form action=\"https:\/\/sustanasolutions.com\/fr\/wp-json\/ws-form\/v1\/submit\" id=\"ws-form-3\" data-id=\"5\" data-instance-id=\"3\" method=\"POST\"><\/form>\n","protected":false},"excerpt":{"rendered":"<p>Nous joindre Nous sommes \u00e0 l\u2019\u00e9coute. Appelez-nous, \u00e9crivez-nous, ou consultez notre liste de distributeurs pour trouver celui qui est le plus pr\u00e8s de chez vous.<\/p>\n","protected":false},"author":1,"featured_media":0,"parent":0,"menu_order":19,"comment_status":"closed","ping_status":"closed","template":"elementor_header_footer","meta":{"footnotes":""},"class_list":["post-1788","page","type-page","status-publish","hentry"],"_links":{"self":[{"href":"https:\/\/sustanasolutions.com\/fr\/wp-json\/wp\/v2\/pages\/1788","targetHints":{"allow":["GET"]}}],"collection":[{"href":"https:\/\/sustanasolutions.com\/fr\/wp-json\/wp\/v2\/pages"}],"about":[{"href":"https:\/\/sustanasolutions.com\/fr\/wp-json\/wp\/v2\/types\/page"}],"author":[{"embeddable":true,"href":"https:\/\/sustanasolutions.com\/fr\/wp-json\/wp\/v2\/users\/1"}],"replies":[{"embeddable":true,"href":"https:\/\/sustanasolutions.com\/fr\/wp-json\/wp\/v2\/comments?post=1788"}],"version-history":[{"count":4,"href":"https:\/\/sustanasolutions.com\/fr\/wp-json\/wp\/v2\/pages\/1788\/revisions"}],"predecessor-version":[{"id":4542,"href":"https:\/\/sustanasolutions.com\/fr\/wp-json\/wp\/v2\/pages\/1788\/revisions\/4542"}],"wp:attachment":[{"href":"https:\/\/sustanasolutions.com\/fr\/wp-json\/wp\/v2\/media?parent=1788"}],"curies":[{"name":"wp","href":"https:\/\/api.w.org\/{rel}","templated":true}]}}