{"id":2538,"date":"2023-09-27T20:53:36","date_gmt":"2023-09-28T00:53:36","guid":{"rendered":"https:\/\/sustanasolutions.com\/sustainability\/life-cycle-assessments\/"},"modified":"2023-12-22T21:29:37","modified_gmt":"2023-12-22T21:29:37","slug":"analyse-du-cycle-de-vie","status":"publish","type":"page","link":"https:\/\/sustanasolutions.com\/fr\/durabilite\/analyse-du-cycle-de-vie\/","title":{"rendered":"Analyse du cycle de vie"},"content":{"rendered":"\t\t<div data-elementor-type=\"wp-page\" data-elementor-id=\"2538\" class=\"elementor elementor-2538 elementor-15\" data-elementor-post-type=\"page\">\n\t\t\t\t<div class=\"elementor-element elementor-element-28e3574 sectionHero e-con-full e-flex e-con e-parent\" data-id=\"28e3574\" data-element_type=\"container\" data-e-type=\"container\" data-settings=\"{&quot;background_background&quot;:&quot;classic&quot;,&quot;jet_parallax_layout_list&quot;:[]}\">\n\t\t<div class=\"elementor-element elementor-element-e221b57 e-con-full e-flex e-con e-child\" data-id=\"e221b57\" data-element_type=\"container\" data-e-type=\"container\" data-settings=\"{&quot;jet_parallax_layout_list&quot;:[],&quot;background_background&quot;:&quot;classic&quot;}\">\n\t\t\t\t<div class=\"elementor-element elementor-element-081b5d8 elementor-widget__width-initial heroHeading elementor-widget elementor-widget-heading\" data-id=\"081b5d8\" data-element_type=\"widget\" data-e-type=\"widget\" data-widget_type=\"heading.default\">\n\t\t\t\t<div class=\"elementor-widget-container\">\n\t\t\t\t\t<h1 class=\"elementor-heading-title elementor-size-default\">Analyse du cycle de vie <\/h1>\t\t\t\t<\/div>\n\t\t\t\t<\/div>\n\t\t\t\t<\/div>\n\t\t<div class=\"elementor-element elementor-element-341be9b e-con-full e-flex e-con e-child\" data-id=\"341be9b\" data-element_type=\"container\" data-e-type=\"container\" data-settings=\"{&quot;jet_parallax_layout_list&quot;:[]}\">\n\t\t<div class=\"elementor-element elementor-element-7539f49 heroDescriptionWrapper e-con-full e-flex e-con e-child\" data-id=\"7539f49\" data-element_type=\"container\" data-e-type=\"container\" data-settings=\"{&quot;background_background&quot;:&quot;classic&quot;,&quot;jet_parallax_layout_list&quot;:[]}\">\n\t\t\t\t<div class=\"elementor-element elementor-element-ebe4815 elementor-widget elementor-widget-text-editor\" data-id=\"ebe4815\" data-element_type=\"widget\" data-e-type=\"widget\" data-widget_type=\"text-editor.default\">\n\t\t\t\t<div class=\"elementor-widget-container\">\n\t\t\t\t\t\t\t\t\t<p>Nous pouvons vous aider \u00e0\u0300 r\u00e9duire votre empreinte environnementale. Am\u00e9liorez votre bilan \u00e9cologique en optant pour les produits Sustana.<\/p>\t\t\t\t\t\t\t\t<\/div>\n\t\t\t\t<\/div>\n\t\t\t\t<\/div>\n\t\t\t\t<\/div>\n\t\t\t\t<\/div>\n\t\t<div class=\"elementor-element elementor-element-6b742d0 sectionScroll e-flex e-con-boxed e-con e-parent\" data-id=\"6b742d0\" data-element_type=\"container\" data-e-type=\"container\" data-settings=\"{&quot;jet_parallax_layout_list&quot;:[]}\">\n\t\t\t\t\t<div class=\"e-con-inner\">\n\t\t<div class=\"elementor-element elementor-element-3b47c6e e-flex e-con-boxed e-con e-child\" data-id=\"3b47c6e\" data-element_type=\"container\" data-e-type=\"container\" data-settings=\"{&quot;jet_parallax_layout_list&quot;:[]}\">\n\t\t\t\t\t<div class=\"e-con-inner\">\n\t\t<div class=\"elementor-element elementor-element-5a028bb e-con-full e-flex e-con e-child\" data-id=\"5a028bb\" data-element_type=\"container\" data-e-type=\"container\" data-settings=\"{&quot;jet_parallax_layout_list&quot;:[]}\">\n\t\t\t\t<div class=\"elementor-element elementor-element-66dfd80 elementor-widget elementor-widget-image\" data-id=\"66dfd80\" data-element_type=\"widget\" data-e-type=\"widget\" data-widget_type=\"image.default\">\n\t\t\t\t<div class=\"elementor-widget-container\">\n\t\t\t\t\t\t\t\t\t\t\t\t\t\t\t<img fetchpriority=\"high\" decoding=\"async\" width=\"455\" height=\"470\" src=\"https:\/\/sustanasolutions.com\/wp-content\/uploads\/2023\/12\/3-What-is-LCA.jpg\" class=\"attachment-large size-large wp-image-3515\" alt=\"ACV\" srcset=\"https:\/\/sustanasolutions.com\/wp-content\/uploads\/2023\/12\/3-What-is-LCA.jpg 455w, https:\/\/sustanasolutions.com\/wp-content\/uploads\/2023\/12\/3-What-is-LCA-290x300.jpg 290w\" sizes=\"(max-width: 455px) 100vw, 455px\" \/>\t\t\t\t\t\t\t\t\t\t\t\t\t\t\t<\/div>\n\t\t\t\t<\/div>\n\t\t\t\t<\/div>\n\t\t<div class=\"elementor-element elementor-element-b11d271 e-con-full e-flex e-con e-child\" data-id=\"b11d271\" data-element_type=\"container\" data-e-type=\"container\" data-settings=\"{&quot;jet_parallax_layout_list&quot;:[]}\">\n\t\t\t\t<div class=\"elementor-element elementor-element-67dec96 elementor-widget elementor-widget-heading\" data-id=\"67dec96\" data-element_type=\"widget\" data-e-type=\"widget\" data-widget_type=\"heading.default\">\n\t\t\t\t<div class=\"elementor-widget-container\">\n\t\t\t\t\t<h2 class=\"elementor-heading-title elementor-size-default\">En quoi consiste l\u2019analyse du cycle de vie? <\/h2>\t\t\t\t<\/div>\n\t\t\t\t<\/div>\n\t\t\t\t<div class=\"elementor-element elementor-element-03806ba elementor-widget__width-initial elementor-widget elementor-widget-text-editor\" data-id=\"03806ba\" data-element_type=\"widget\" data-e-type=\"widget\" data-widget_type=\"text-editor.default\">\n\t\t\t\t<div class=\"elementor-widget-container\">\n\t\t\t\t\t\t\t\t\t<p>L\u2019analyse du cycle de vie (ACV) est une m\u00e9thode quantitative compl\u00e8te et rigoureuse, qui permet de mesurer l\u2019impact environnemental d\u2019un produit pendant toute sa dur\u00e9e de vie, de l\u2019extraction des mati\u00e8res premi\u00e8res a\u0300 la fin de vie, en passant par la transformation, la fabrication et la distribution. Notre ACV r\u00e9pond aux normes ISO 14040-14044 applicables aux ACV a\u0300 d\u00e9clarations comparatives destin\u00e9es a\u0300 \u00eatre rendues publiques. Par cons\u00e9quent, les r\u00e9sultats et les conclusions ont fait l\u2019objet d\u2019une r\u00e9vision par un comit\u00e9 de sp\u00e9cialistes ind\u00e9pendants.<\/p>\t\t\t\t\t\t\t\t<\/div>\n\t\t\t\t<\/div>\n\t\t\t\t<\/div>\n\t\t\t\t\t<\/div>\n\t\t\t\t<\/div>\n\t\t<div class=\"elementor-element elementor-element-662a36f e-flex e-con-boxed e-con e-child\" data-id=\"662a36f\" data-element_type=\"container\" data-e-type=\"container\" data-settings=\"{&quot;jet_parallax_layout_list&quot;:[]}\">\n\t\t\t\t\t<div class=\"e-con-inner\">\n\t\t<div class=\"elementor-element elementor-element-3e832a6 e-con-full e-flex e-con e-child\" data-id=\"3e832a6\" data-element_type=\"container\" data-e-type=\"container\" data-settings=\"{&quot;jet_parallax_layout_list&quot;:[]}\">\n\t\t\t\t<div class=\"elementor-element elementor-element-e0ae017 elementor-widget elementor-widget-image\" data-id=\"e0ae017\" data-element_type=\"widget\" data-e-type=\"widget\" data-widget_type=\"image.default\">\n\t\t\t\t<div class=\"elementor-widget-container\">\n\t\t\t\t\t\t\t\t\t\t\t\t\t\t\t<img decoding=\"async\" width=\"455\" height=\"470\" src=\"https:\/\/sustanasolutions.com\/wp-content\/uploads\/2023\/11\/1-LCA-Paper.jpg\" class=\"attachment-large size-large wp-image-2550\" alt=\"\" srcset=\"https:\/\/sustanasolutions.com\/wp-content\/uploads\/2023\/11\/1-LCA-Paper.jpg 455w, https:\/\/sustanasolutions.com\/wp-content\/uploads\/2023\/11\/1-LCA-Paper-290x300.jpg 290w\" sizes=\"(max-width: 455px) 100vw, 455px\" \/>\t\t\t\t\t\t\t\t\t\t\t\t\t\t\t<\/div>\n\t\t\t\t<\/div>\n\t\t\t\t<\/div>\n\t\t<div class=\"elementor-element elementor-element-b8ffccc e-con-full e-flex e-con e-child\" data-id=\"b8ffccc\" data-element_type=\"container\" data-e-type=\"container\" data-settings=\"{&quot;jet_parallax_layout_list&quot;:[]}\">\n\t\t\t\t<div class=\"elementor-element elementor-element-8216cfb elementor-widget elementor-widget-heading\" data-id=\"8216cfb\" data-element_type=\"widget\" data-e-type=\"widget\" data-widget_type=\"heading.default\">\n\t\t\t\t<div class=\"elementor-widget-container\">\n\t\t\t\t\t<h2 class=\"elementor-heading-title elementor-size-default\">Papiers<\/h2>\t\t\t\t<\/div>\n\t\t\t\t<\/div>\n\t\t\t\t<div class=\"elementor-element elementor-element-0eb56a6 elementor-widget__width-initial elementor-widget elementor-widget-text-editor\" data-id=\"0eb56a6\" data-element_type=\"widget\" data-e-type=\"widget\" data-widget_type=\"text-editor.default\">\n\t\t\t\t<div class=\"elementor-widget-container\">\n\t\t\t\t\t\t\t\t\tChez Sustana, nous allons au-del\u00e0 du recyclage pour analyser les r\u00e9percussions de toutes nos activit\u00e9s. Une analyse du cycle de vie (ACV) visant \u00e0 \u00e9valuer et \u00e0 am\u00e9liorer la performance \u00e9cologique de nos papiers a d\u00e9montr\u00e9 que l\u2019empreinte environnementale du papier Sustana Enviro<sup>MC<\/sup> est plus petite que celle de la moyenne des papiers en Am\u00e9rique du Nord.\t\t\t\t\t\t\t\t<\/div>\n\t\t\t\t<\/div>\n\t\t\t\t<div class=\"elementor-element elementor-element-fa2263c buttonStandard elementor-widget elementor-widget-button\" data-id=\"fa2263c\" data-element_type=\"widget\" data-e-type=\"widget\" data-widget_type=\"button.default\">\n\t\t\t\t<div class=\"elementor-widget-container\">\n\t\t\t\t\t\t\t\t\t<div class=\"elementor-button-wrapper\">\n\t\t\t\t\t<a class=\"elementor-button elementor-button-link elementor-size-sm\" href=\"https:\/\/sustanasolutions.com\/fr\/durabilite\/analyse-du-cycle-de-vie\/papiers\/\" target=\"_blank\">\n\t\t\t\t\t\t<span class=\"elementor-button-content-wrapper\">\n\t\t\t\t\t\t<span class=\"elementor-button-icon\">\n\t\t\t\t<svg xmlns=\"http:\/\/www.w3.org\/2000\/svg\" xmlns:xlink=\"http:\/\/www.w3.org\/1999\/xlink\" id=\"Layer_1\" x=\"0px\" y=\"0px\" viewBox=\"0 0 10.4 10\" style=\"enable-background:new 0 0 10.4 10;\" xml:space=\"preserve\"><path d=\"M9.9,0.3l-8.6,0v1.5h6L0.4,8.7l1.1,1.1l6.9-6.9v6h1.5V0.3z\"><\/path><\/svg>\t\t\t<\/span>\n\t\t\t\t\t\t\t\t\t<span class=\"elementor-button-text\">En savoir plus<\/span>\n\t\t\t\t\t<\/span>\n\t\t\t\t\t<\/a>\n\t\t\t\t<\/div>\n\t\t\t\t\t\t\t\t<\/div>\n\t\t\t\t<\/div>\n\t\t\t\t<\/div>\n\t\t\t\t\t<\/div>\n\t\t\t\t<\/div>\n\t\t<div class=\"elementor-element elementor-element-75d622b e-flex e-con-boxed e-con e-child\" data-id=\"75d622b\" data-element_type=\"container\" data-e-type=\"container\" data-settings=\"{&quot;jet_parallax_layout_list&quot;:[]}\">\n\t\t\t\t\t<div class=\"e-con-inner\">\n\t\t<div class=\"elementor-element elementor-element-32ca846 e-con-full e-flex e-con e-child\" data-id=\"32ca846\" data-element_type=\"container\" data-e-type=\"container\" data-settings=\"{&quot;jet_parallax_layout_list&quot;:[]}\">\n\t\t\t\t<div class=\"elementor-element elementor-element-761d806 elementor-widget elementor-widget-image\" data-id=\"761d806\" data-element_type=\"widget\" data-e-type=\"widget\" data-widget_type=\"image.default\">\n\t\t\t\t<div class=\"elementor-widget-container\">\n\t\t\t\t\t\t\t\t\t\t\t\t\t\t\t<img decoding=\"async\" width=\"455\" height=\"470\" src=\"https:\/\/sustanasolutions.com\/wp-content\/uploads\/2023\/11\/2-LCA-Fiber.jpg\" class=\"attachment-large size-large wp-image-2558\" alt=\"\" srcset=\"https:\/\/sustanasolutions.com\/wp-content\/uploads\/2023\/11\/2-LCA-Fiber.jpg 455w, https:\/\/sustanasolutions.com\/wp-content\/uploads\/2023\/11\/2-LCA-Fiber-290x300.jpg 290w\" sizes=\"(max-width: 455px) 100vw, 455px\" \/>\t\t\t\t\t\t\t\t\t\t\t\t\t\t\t<\/div>\n\t\t\t\t<\/div>\n\t\t\t\t<\/div>\n\t\t<div class=\"elementor-element elementor-element-1d84aab e-con-full e-flex e-con e-child\" data-id=\"1d84aab\" data-element_type=\"container\" data-e-type=\"container\" data-settings=\"{&quot;jet_parallax_layout_list&quot;:[]}\">\n\t\t\t\t<div class=\"elementor-element elementor-element-d9a0456 elementor-widget elementor-widget-heading\" data-id=\"d9a0456\" data-element_type=\"widget\" data-e-type=\"widget\" data-widget_type=\"heading.default\">\n\t\t\t\t<div class=\"elementor-widget-container\">\n\t\t\t\t\t<h2 class=\"elementor-heading-title elementor-size-default\">Fibres<\/h2>\t\t\t\t<\/div>\n\t\t\t\t<\/div>\n\t\t\t\t<div class=\"elementor-element elementor-element-6b252f5 elementor-widget__width-initial elementor-widget elementor-widget-text-editor\" data-id=\"6b252f5\" data-element_type=\"widget\" data-e-type=\"widget\" data-widget_type=\"text-editor.default\">\n\t\t\t\t<div class=\"elementor-widget-container\">\n\t\t\t\t\t\t\t\t\t<p>En utilisant le produit Sustana EnviroLife<sup>MC<\/sup>\u00a0, vous pouvez am\u00e9liorer consid\u00e9rablement votre bilan \u00e9cologique. Nous avons r\u00e9alis\u00e9 une analyse du cycle de vie (ACV) pour \u00e9valuer et mesurer l\u2019empreinte de notre produit. Et maintenant, nous pouvons vous aider \u00e0 g\u00e9rer l\u2019empreinte \u00e9cologique de votre utilisation de notre fibre.<\/p>\t\t\t\t\t\t\t\t<\/div>\n\t\t\t\t<\/div>\n\t\t\t\t<div class=\"elementor-element elementor-element-8f021e5 buttonStandard elementor-widget elementor-widget-button\" data-id=\"8f021e5\" data-element_type=\"widget\" data-e-type=\"widget\" data-widget_type=\"button.default\">\n\t\t\t\t<div class=\"elementor-widget-container\">\n\t\t\t\t\t\t\t\t\t<div class=\"elementor-button-wrapper\">\n\t\t\t\t\t<a class=\"elementor-button elementor-button-link elementor-size-sm\" href=\"https:\/\/sustanasolutions.com\/fr\/durabilite\/analyse-du-cycle-de-vie\/fibres\/\" target=\"_blank\">\n\t\t\t\t\t\t<span class=\"elementor-button-content-wrapper\">\n\t\t\t\t\t\t<span class=\"elementor-button-icon\">\n\t\t\t\t<svg xmlns=\"http:\/\/www.w3.org\/2000\/svg\" xmlns:xlink=\"http:\/\/www.w3.org\/1999\/xlink\" id=\"Layer_1\" x=\"0px\" y=\"0px\" viewBox=\"0 0 10.4 10\" style=\"enable-background:new 0 0 10.4 10;\" xml:space=\"preserve\"><path d=\"M9.9,0.3l-8.6,0v1.5h6L0.4,8.7l1.1,1.1l6.9-6.9v6h1.5V0.3z\"><\/path><\/svg>\t\t\t<\/span>\n\t\t\t\t\t\t\t\t\t<span class=\"elementor-button-text\">En savoir plus<\/span>\n\t\t\t\t\t<\/span>\n\t\t\t\t\t<\/a>\n\t\t\t\t<\/div>\n\t\t\t\t\t\t\t\t<\/div>\n\t\t\t\t<\/div>\n\t\t\t\t<\/div>\n\t\t\t\t\t<\/div>\n\t\t\t\t<\/div>\n\t\t\t\t\t<\/div>\n\t\t\t\t<\/div>\n\t\t<div class=\"elementor-element elementor-element-f6c950a sectionScroll e-flex e-con-boxed e-con e-parent\" data-id=\"f6c950a\" data-element_type=\"container\" data-e-type=\"container\" data-settings=\"{&quot;background_background&quot;:&quot;classic&quot;,&quot;jet_parallax_layout_list&quot;:[]}\">\n\t\t\t\t\t<div class=\"e-con-inner\">\n\t\t\t\t<div class=\"elementor-element elementor-element-1acdfaf elementor-widget elementor-widget-heading\" data-id=\"1acdfaf\" data-element_type=\"widget\" data-e-type=\"widget\" data-widget_type=\"heading.default\">\n\t\t\t\t<div class=\"elementor-widget-container\">\n\t\t\t\t\t<h2 class=\"elementor-heading-title elementor-size-default\">De nombreux avantages <\/h2>\t\t\t\t<\/div>\n\t\t\t\t<\/div>\n\t\t<div class=\"elementor-element elementor-element-ef09700 e-flex e-con-boxed e-con e-child\" data-id=\"ef09700\" data-element_type=\"container\" data-e-type=\"container\" data-settings=\"{&quot;jet_parallax_layout_list&quot;:[]}\">\n\t\t\t\t\t<div class=\"e-con-inner\">\n\t\t<div class=\"elementor-element elementor-element-413a9f6 e-flex e-con-boxed e-con e-child\" data-id=\"413a9f6\" data-element_type=\"container\" data-e-type=\"container\" data-settings=\"{&quot;jet_parallax_layout_list&quot;:[]}\">\n\t\t\t\t\t<div class=\"e-con-inner\">\n\t\t\t\t<div class=\"elementor-element elementor-element-91f1cff elementor-widget elementor-widget-heading\" data-id=\"91f1cff\" data-element_type=\"widget\" data-e-type=\"widget\" data-widget_type=\"heading.default\">\n\t\t\t\t<div class=\"elementor-widget-container\">\n\t\t\t\t\t<h4 class=\"elementor-heading-title elementor-size-default\">Cibles pr\u00e9cises  <\/h4>\t\t\t\t<\/div>\n\t\t\t\t<\/div>\n\t\t\t\t<div class=\"elementor-element elementor-element-bd5c2e0 elementor-widget elementor-widget-text-editor\" data-id=\"bd5c2e0\" data-element_type=\"widget\" data-e-type=\"widget\" data-widget_type=\"text-editor.default\">\n\t\t\t\t<div class=\"elementor-widget-container\">\n\t\t\t\t\t\t\t\t\t<p>L\u2019ACV cible les principaux impacts environnementaux \u00e0 l\u2019\u00e9tape de l\u2019\u00e9laboration et de l\u2019\u00e9valuation des programmes et des politiques de d\u00e9veloppement durable.\u00a0\u00a0<\/p>\t\t\t\t\t\t\t\t<\/div>\n\t\t\t\t<\/div>\n\t\t\t\t\t<\/div>\n\t\t\t\t<\/div>\n\t\t<div class=\"elementor-element elementor-element-b00b4b3 e-flex e-con-boxed e-con e-child\" data-id=\"b00b4b3\" data-element_type=\"container\" data-e-type=\"container\" data-settings=\"{&quot;jet_parallax_layout_list&quot;:[]}\">\n\t\t\t\t\t<div class=\"e-con-inner\">\n\t\t\t\t<div class=\"elementor-element elementor-element-870057d elementor-widget elementor-widget-heading\" data-id=\"870057d\" data-element_type=\"widget\" data-e-type=\"widget\" data-widget_type=\"heading.default\">\n\t\t\t\t<div class=\"elementor-widget-container\">\n\t\t\t\t\t<h4 class=\"elementor-heading-title elementor-size-default\">D\u00e9cisions \u00e9clair\u00e9es  <\/h4>\t\t\t\t<\/div>\n\t\t\t\t<\/div>\n\t\t\t\t<div class=\"elementor-element elementor-element-410cae3 elementor-widget elementor-widget-text-editor\" data-id=\"410cae3\" data-element_type=\"widget\" data-e-type=\"widget\" data-widget_type=\"text-editor.default\">\n\t\t\t\t<div class=\"elementor-widget-container\">\n\t\t\t\t\t\t\t\t\t<p>L\u2019ACV \u00e9claire les d\u00e9cisions relatives aux produits en mettant en lumi\u00e8re les possibles impacts environnementaux de l\u2019extraction des mati\u00e8res premi\u00e8res, de la fabrication et du transport.<\/p>\t\t\t\t\t\t\t\t<\/div>\n\t\t\t\t<\/div>\n\t\t\t\t\t<\/div>\n\t\t\t\t<\/div>\n\t\t<div class=\"elementor-element elementor-element-95da8ca e-flex e-con-boxed e-con e-child\" data-id=\"95da8ca\" data-element_type=\"container\" data-e-type=\"container\" data-settings=\"{&quot;jet_parallax_layout_list&quot;:[]}\">\n\t\t\t\t\t<div class=\"e-con-inner\">\n\t\t\t\t<div class=\"elementor-element elementor-element-62af12d elementor-widget elementor-widget-heading\" data-id=\"62af12d\" data-element_type=\"widget\" data-e-type=\"widget\" data-widget_type=\"heading.default\">\n\t\t\t\t<div class=\"elementor-widget-container\">\n\t\t\t\t\t<h4 class=\"elementor-heading-title elementor-size-default\">Engagement des utilisateurs  <\/h4>\t\t\t\t<\/div>\n\t\t\t\t<\/div>\n\t\t\t\t<div class=\"elementor-element elementor-element-e6c0804 elementor-widget elementor-widget-text-editor\" data-id=\"e6c0804\" data-element_type=\"widget\" data-e-type=\"widget\" data-widget_type=\"text-editor.default\">\n\t\t\t\t<div class=\"elementor-widget-container\">\n\t\t\t\t\t\t\t\t\t<p>L\u2019ACV sensibilise les utilisateurs \u00e0 l\u2019importance de r\u00e9duire l\u2019impact du produit pendant toute sa dur\u00e9e de vie, de sa cr\u00e9ation \u00e0 son \u00e9limination.<\/p>\t\t\t\t\t\t\t\t<\/div>\n\t\t\t\t<\/div>\n\t\t\t\t\t<\/div>\n\t\t\t\t<\/div>\n\t\t\t\t\t<\/div>\n\t\t\t\t<\/div>\n\t\t\t\t\t<\/div>\n\t\t\t\t<\/div>\n\t\t<div class=\"elementor-element elementor-element-90ff1a6 e-flex e-con-boxed e-con e-parent\" data-id=\"90ff1a6\" data-element_type=\"container\" data-e-type=\"container\" data-settings=\"{&quot;jet_parallax_layout_list&quot;:[]}\">\n\t\t\t\t\t<div class=\"e-con-inner\">\n\t\t\t\t<div class=\"elementor-element elementor-element-142e7c6 elementor-widget elementor-widget-heading\" data-id=\"142e7c6\" data-element_type=\"widget\" data-e-type=\"widget\" data-widget_type=\"heading.default\">\n\t\t\t\t<div class=\"elementor-widget-container\">\n\t\t\t\t\t<h2 class=\"elementor-heading-title elementor-size-default\">Notre brochure ACV  <\/h2>\t\t\t\t<\/div>\n\t\t\t\t<\/div>\n\t\t\t\t<div class=\"elementor-element elementor-element-f82822f elementor-widget__width-initial elementor-widget elementor-widget-text-editor\" data-id=\"f82822f\" data-element_type=\"widget\" data-e-type=\"widget\" data-widget_type=\"text-editor.default\">\n\t\t\t\t<div class=\"elementor-widget-container\">\n\t\t\t\t\t\t\t\t\t<p>Vous aimeriez en savoir plus? T\u00e9l\u00e9chargez nos brochures ACV pour d\u00e9couvrir comment nous quantifions notre empreinte environnementale afin de r\u00e9duire la v\u00f4tre.<\/p>\t\t\t\t\t\t\t\t<\/div>\n\t\t\t\t<\/div>\n\t\t\t\t<div class=\"elementor-element elementor-element-56389d2 elementor-align-left buttonStandard buttonDownload elementor-widget elementor-widget-button\" data-id=\"56389d2\" data-element_type=\"widget\" data-e-type=\"widget\" data-widget_type=\"button.default\">\n\t\t\t\t<div class=\"elementor-widget-container\">\n\t\t\t\t\t\t\t\t\t<div class=\"elementor-button-wrapper\">\n\t\t\t\t\t<a class=\"elementor-button elementor-button-link elementor-size-sm\" href=\"https:\/\/sustanasolutions.com\/wp-content\/uploads\/2023\/11\/ROL_LCA_Brochure_FR_WEB-1.pdf\" target=\"_blank\">\n\t\t\t\t\t\t<span class=\"elementor-button-content-wrapper\">\n\t\t\t\t\t\t<span class=\"elementor-button-icon\">\n\t\t\t\t<svg xmlns=\"http:\/\/www.w3.org\/2000\/svg\" xmlns:xlink=\"http:\/\/www.w3.org\/1999\/xlink\" id=\"Layer_1\" x=\"0px\" y=\"0px\" viewBox=\"0 0 9.5 10\" style=\"enable-background:new 0 0 9.5 10;\" xml:space=\"preserve\"><style type=\"text\/css\">\t.st0{fill-rule:evenodd;clip-rule:evenodd;}<\/style><path class=\"st0\" d=\"M4.3,7.8V0.3h1v7.5l3.3-3.3l0.7,0.7L4.8,9.7L0.3,5.2L1,4.5L4.3,7.8z\"><\/path><\/svg>\t\t\t<\/span>\n\t\t\t\t\t\t\t\t\t<span class=\"elementor-button-text\">T\u00e9l\u00e9charger la brochure ACV Papiers <\/span>\n\t\t\t\t\t<\/span>\n\t\t\t\t\t<\/a>\n\t\t\t\t<\/div>\n\t\t\t\t\t\t\t\t<\/div>\n\t\t\t\t<\/div>\n\t\t\t\t<div class=\"elementor-element elementor-element-3bf134b elementor-align-left buttonStandard buttonDownload elementor-widget elementor-widget-button\" data-id=\"3bf134b\" data-element_type=\"widget\" data-e-type=\"widget\" data-widget_type=\"button.default\">\n\t\t\t\t<div class=\"elementor-widget-container\">\n\t\t\t\t\t\t\t\t\t<div class=\"elementor-button-wrapper\">\n\t\t\t\t\t<a class=\"elementor-button elementor-button-link elementor-size-sm\" href=\"https:\/\/sustanasolutions.com\/wp-content\/uploads\/2023\/11\/Fibres_Sustana_EnviroLife_Analyse_cycle_vie.pdf\" target=\"_blank\">\n\t\t\t\t\t\t<span class=\"elementor-button-content-wrapper\">\n\t\t\t\t\t\t<span class=\"elementor-button-icon\">\n\t\t\t\t<svg xmlns=\"http:\/\/www.w3.org\/2000\/svg\" xmlns:xlink=\"http:\/\/www.w3.org\/1999\/xlink\" id=\"Layer_1\" x=\"0px\" y=\"0px\" viewBox=\"0 0 9.5 10\" style=\"enable-background:new 0 0 9.5 10;\" xml:space=\"preserve\"><style type=\"text\/css\">\t.st0{fill-rule:evenodd;clip-rule:evenodd;}<\/style><path class=\"st0\" d=\"M4.3,7.8V0.3h1v7.5l3.3-3.3l0.7,0.7L4.8,9.7L0.3,5.2L1,4.5L4.3,7.8z\"><\/path><\/svg>\t\t\t<\/span>\n\t\t\t\t\t\t\t\t\t<span class=\"elementor-button-text\">T\u00e9l\u00e9charger la brochure ACV Fibres <\/span>\n\t\t\t\t\t<\/span>\n\t\t\t\t\t<\/a>\n\t\t\t\t<\/div>\n\t\t\t\t\t\t\t\t<\/div>\n\t\t\t\t<\/div>\n\t\t\t\t\t<\/div>\n\t\t\t\t<\/div>\n\t\t\t\t<\/div>\n\t\t","protected":false},"excerpt":{"rendered":"<p>Analyse du cycle de vie Nous pouvons vous aider \u00e0\u0300 r\u00e9duire votre empreinte environnementale. Am\u00e9liorez votre bilan \u00e9cologique en optant pour les produits Sustana. En quoi consiste l\u2019analyse du cycle de vie? L\u2019analyse du cycle de vie (ACV) est une m\u00e9thode quantitative compl\u00e8te et rigoureuse, qui permet de mesurer l\u2019impact environnemental d\u2019un produit pendant toute [&hellip;]<\/p>\n","protected":false},"author":1,"featured_media":0,"parent":2534,"menu_order":6,"comment_status":"closed","ping_status":"closed","template":"elementor_header_footer","meta":{"footnotes":""},"class_list":["post-2538","page","type-page","status-publish","hentry"],"_links":{"self":[{"href":"https:\/\/sustanasolutions.com\/fr\/wp-json\/wp\/v2\/pages\/2538","targetHints":{"allow":["GET"]}}],"collection":[{"href":"https:\/\/sustanasolutions.com\/fr\/wp-json\/wp\/v2\/pages"}],"about":[{"href":"https:\/\/sustanasolutions.com\/fr\/wp-json\/wp\/v2\/types\/page"}],"author":[{"embeddable":true,"href":"https:\/\/sustanasolutions.com\/fr\/wp-json\/wp\/v2\/users\/1"}],"replies":[{"embeddable":true,"href":"https:\/\/sustanasolutions.com\/fr\/wp-json\/wp\/v2\/comments?post=2538"}],"version-history":[{"count":0,"href":"https:\/\/sustanasolutions.com\/fr\/wp-json\/wp\/v2\/pages\/2538\/revisions"}],"up":[{"embeddable":true,"href":"https:\/\/sustanasolutions.com\/fr\/wp-json\/wp\/v2\/pages\/2534"}],"wp:attachment":[{"href":"https:\/\/sustanasolutions.com\/fr\/wp-json\/wp\/v2\/media?parent=2538"}],"curies":[{"name":"wp","href":"https:\/\/api.w.org\/{rel}","templated":true}]}}