{"id":3002,"date":"2023-12-04T20:38:54","date_gmt":"2023-12-05T01:38:54","guid":{"rendered":"https:\/\/sustanasolutions.com\/?page_id=3002"},"modified":"2025-08-20T17:53:51","modified_gmt":"2025-08-20T21:53:51","slug":"rapport-esg","status":"publish","type":"page","link":"https:\/\/sustanasolutions.com\/fr\/durabilite\/rapport-esg\/","title":{"rendered":"Rapport de d\u00e9veloppement durable"},"content":{"rendered":"\t\t<div data-elementor-type=\"wp-page\" data-elementor-id=\"3002\" class=\"elementor elementor-3002 elementor-3001\" data-elementor-post-type=\"page\">\n\t\t\t\t<div class=\"elementor-element elementor-element-b7d86b4 sectionHero e-con-full e-flex e-con e-parent\" data-id=\"b7d86b4\" data-element_type=\"container\" data-e-type=\"container\" data-settings=\"{&quot;background_background&quot;:&quot;classic&quot;,&quot;jet_parallax_layout_list&quot;:[]}\">\n\t\t<div class=\"elementor-element elementor-element-0599710 e-con-full e-flex e-con e-child\" data-id=\"0599710\" data-element_type=\"container\" data-e-type=\"container\" data-settings=\"{&quot;jet_parallax_layout_list&quot;:[],&quot;background_background&quot;:&quot;classic&quot;}\">\n\t\t\t\t<div class=\"elementor-element elementor-element-eb7328b elementor-widget__width-initial heroHeading elementor-widget elementor-widget-heading\" data-id=\"eb7328b\" data-element_type=\"widget\" data-e-type=\"widget\" data-widget_type=\"heading.default\">\n\t\t\t\t<div class=\"elementor-widget-container\">\n\t\t\t\t\t<h1 class=\"elementor-heading-title elementor-size-default\">Rapport de d\u00e9veloppement durable<\/h1>\t\t\t\t<\/div>\n\t\t\t\t<\/div>\n\t\t\t\t<\/div>\n\t\t<div class=\"elementor-element elementor-element-aabaf88 e-con-full e-flex e-con e-child\" data-id=\"aabaf88\" data-element_type=\"container\" data-e-type=\"container\" data-settings=\"{&quot;jet_parallax_layout_list&quot;:[]}\">\n\t\t<div class=\"elementor-element elementor-element-f26cef6 heroDescriptionWrapper e-con-full e-flex e-con e-child\" data-id=\"f26cef6\" data-element_type=\"container\" data-e-type=\"container\" data-settings=\"{&quot;background_background&quot;:&quot;classic&quot;,&quot;jet_parallax_layout_list&quot;:[]}\">\n\t\t\t\t<div class=\"elementor-element elementor-element-8fd081a elementor-widget elementor-widget-text-editor\" data-id=\"8fd081a\" data-element_type=\"widget\" data-e-type=\"widget\" data-widget_type=\"text-editor.default\">\n\t\t\t\t<div class=\"elementor-widget-container\">\n\t\t\t\t\t\t\t\t\t<p>Bas\u00e9e sur trois piliers principaux, notre strat\u00e9gie de durabilit\u00e9 accorde la priorit\u00e9 \u00e0 certains enjeux environnementaux et sociaux, et se concentre sur les enjeux cl\u00e9s sur lesquels nous pouvons agir de mani\u00e8re transparente pour susciter des changements concrets.<\/p>\t\t\t\t\t\t\t\t<\/div>\n\t\t\t\t<\/div>\n\t\t\t\t<div class=\"elementor-element elementor-element-7eb72fa elementor-align-left buttonStandard buttonDownload elementor-widget elementor-widget-button\" data-id=\"7eb72fa\" data-element_type=\"widget\" data-e-type=\"widget\" data-widget_type=\"button.default\">\n\t\t\t\t<div class=\"elementor-widget-container\">\n\t\t\t\t\t\t\t\t\t<div class=\"elementor-button-wrapper\">\n\t\t\t\t\t<a class=\"elementor-button elementor-button-link elementor-size-sm\" href=\"#elementor-action%3Aaction%3Dpopup%3Aopen%26settings%3DeyJpZCI6MzQyNSwidG9nZ2xlIjpmYWxzZX0%3D\" data-select-value=\"2034\">\n\t\t\t\t\t\t<span class=\"elementor-button-content-wrapper\">\n\t\t\t\t\t\t<span class=\"elementor-button-icon\">\n\t\t\t\t<svg xmlns=\"http:\/\/www.w3.org\/2000\/svg\" xmlns:xlink=\"http:\/\/www.w3.org\/1999\/xlink\" id=\"Layer_1\" x=\"0px\" y=\"0px\" viewBox=\"0 0 9.5 10\" style=\"enable-background:new 0 0 9.5 10;\" xml:space=\"preserve\"><style type=\"text\/css\">\t.st0{fill-rule:evenodd;clip-rule:evenodd;}<\/style><path class=\"st0\" d=\"M4.3,7.8V0.3h1v7.5l3.3-3.3l0.7,0.7L4.8,9.7L0.3,5.2L1,4.5L4.3,7.8z\"><\/path><\/svg>\t\t\t<\/span>\n\t\t\t\t\t\t\t\t\t<span class=\"elementor-button-text\">T\u00e9l\u00e9charger notre rapport de d\u00e9veloppement durable 2024<\/span>\n\t\t\t\t\t<\/span>\n\t\t\t\t\t<\/a>\n\t\t\t\t<\/div>\n\t\t\t\t\t\t\t\t<\/div>\n\t\t\t\t<\/div>\n\t\t\t\t<div class=\"elementor-element elementor-element-cf11cf2 elementor-widget elementor-widget-html\" data-id=\"cf11cf2\" data-element_type=\"widget\" data-e-type=\"widget\" data-widget_type=\"html.default\">\n\t\t\t\t<div class=\"elementor-widget-container\">\n\t\t\t\t\t<script>\ndocument.addEventListener(\"click\", function (event) {\n    let target = event.target;\n    let closestButtonInLoop = target.closest('.buttonDownload .elementor-button');\n    if (closestButtonInLoop) {\n        setTimeout(() => {\n            let selectValue = closestButtonInLoop.getAttribute('data-select-value');\n            let selectField = document.querySelector('[data-gated-field]');\n            if (selectField) selectField.value = selectValue;\n            selectField.dispatchEvent(new Event('change'));\n        }, 900);\n    }\n});\n<\/script>\t\t\t\t<\/div>\n\t\t\t\t<\/div>\n\t\t\t\t<\/div>\n\t\t\t\t<\/div>\n\t\t\t\t<\/div>\n\t\t\t\t<\/div>\n\t\t","protected":false},"excerpt":{"rendered":"<p>Rapport de d\u00e9veloppement durable Bas\u00e9e sur trois piliers principaux, notre strat\u00e9gie de durabilit\u00e9 accorde la priorit\u00e9 \u00e0 certains enjeux environnementaux et sociaux, et se concentre sur les enjeux cl\u00e9s sur lesquels nous pouvons agir de mani\u00e8re transparente pour susciter des changements concrets. T\u00e9l\u00e9charger notre rapport de d\u00e9veloppement durable 2024<\/p>\n","protected":false},"author":3,"featured_media":0,"parent":2534,"menu_order":4,"comment_status":"closed","ping_status":"closed","template":"elementor_header_footer","meta":{"footnotes":""},"class_list":["post-3002","page","type-page","status-publish","hentry"],"_links":{"self":[{"href":"https:\/\/sustanasolutions.com\/fr\/wp-json\/wp\/v2\/pages\/3002","targetHints":{"allow":["GET"]}}],"collection":[{"href":"https:\/\/sustanasolutions.com\/fr\/wp-json\/wp\/v2\/pages"}],"about":[{"href":"https:\/\/sustanasolutions.com\/fr\/wp-json\/wp\/v2\/types\/page"}],"author":[{"embeddable":true,"href":"https:\/\/sustanasolutions.com\/fr\/wp-json\/wp\/v2\/users\/3"}],"replies":[{"embeddable":true,"href":"https:\/\/sustanasolutions.com\/fr\/wp-json\/wp\/v2\/comments?post=3002"}],"version-history":[{"count":14,"href":"https:\/\/sustanasolutions.com\/fr\/wp-json\/wp\/v2\/pages\/3002\/revisions"}],"predecessor-version":[{"id":7801,"href":"https:\/\/sustanasolutions.com\/fr\/wp-json\/wp\/v2\/pages\/3002\/revisions\/7801"}],"up":[{"embeddable":true,"href":"https:\/\/sustanasolutions.com\/fr\/wp-json\/wp\/v2\/pages\/2534"}],"wp:attachment":[{"href":"https:\/\/sustanasolutions.com\/fr\/wp-json\/wp\/v2\/media?parent=3002"}],"curies":[{"name":"wp","href":"https:\/\/api.w.org\/{rel}","templated":true}]}}