{"id":3115,"date":"2023-12-05T21:01:09","date_gmt":"2023-12-06T02:01:09","guid":{"rendered":"https:\/\/sustanasolutions.com\/?page_id=3115"},"modified":"2024-01-11T20:08:09","modified_gmt":"2024-01-11T20:08:09","slug":"fibres","status":"publish","type":"page","link":"https:\/\/sustanasolutions.com\/fr\/durabilite\/analyse-du-cycle-de-vie\/fibres\/","title":{"rendered":"ACV Fibres"},"content":{"rendered":"\t\t<div data-elementor-type=\"wp-page\" data-elementor-id=\"3115\" class=\"elementor elementor-3115 elementor-3114\" data-elementor-post-type=\"page\">\n\t\t\t\t<div class=\"elementor-element elementor-element-28e3574 sectionHero e-con-full e-flex e-con e-parent\" data-id=\"28e3574\" data-element_type=\"container\" data-e-type=\"container\" data-settings=\"{&quot;background_background&quot;:&quot;classic&quot;,&quot;jet_parallax_layout_list&quot;:[]}\">\n\t\t<div class=\"elementor-element elementor-element-e221b57 e-con-full e-flex e-con e-child\" data-id=\"e221b57\" data-element_type=\"container\" data-e-type=\"container\" data-settings=\"{&quot;jet_parallax_layout_list&quot;:[],&quot;background_background&quot;:&quot;classic&quot;}\">\n\t\t\t\t<div class=\"elementor-element elementor-element-081b5d8 elementor-widget__width-initial heroHeading elementor-widget elementor-widget-heading\" data-id=\"081b5d8\" data-element_type=\"widget\" data-e-type=\"widget\" data-widget_type=\"heading.default\">\n\t\t\t\t<div class=\"elementor-widget-container\">\n\t\t\t\t\t<h1 class=\"elementor-heading-title elementor-size-default\">ACV Fibres<\/h1>\t\t\t\t<\/div>\n\t\t\t\t<\/div>\n\t\t\t\t<\/div>\n\t\t<div class=\"elementor-element elementor-element-341be9b e-con-full e-flex e-con e-child\" data-id=\"341be9b\" data-element_type=\"container\" data-e-type=\"container\" data-settings=\"{&quot;jet_parallax_layout_list&quot;:[]}\">\n\t\t<div class=\"elementor-element elementor-element-7539f49 heroDescriptionWrapper e-con-full e-flex e-con e-child\" data-id=\"7539f49\" data-element_type=\"container\" data-e-type=\"container\" data-settings=\"{&quot;background_background&quot;:&quot;classic&quot;,&quot;jet_parallax_layout_list&quot;:[]}\">\n\t\t\t\t<div class=\"elementor-element elementor-element-ebe4815 elementor-widget elementor-widget-text-editor\" data-id=\"ebe4815\" data-element_type=\"widget\" data-e-type=\"widget\" data-widget_type=\"text-editor.default\">\n\t\t\t\t<div class=\"elementor-widget-container\">\n\t\t\t\t\t\t\t\t\t<p>En utilisant le produit Sustana EnviroLife<sup>MC<\/sup> , vous pouvez am\u00e9liorer consid\u00e9rablement votre bilan \u00e9cologique. Nous avons r\u00e9alis\u00e9 une analyse du cycle de vie (ACV) pour \u00e9valuer et mesurer l\u2019empreinte de notre produit. Et maintenant, nous pouvons vous aider \u00e0 g\u00e9rer l\u2019empreinte \u00e9cologique de votre utilisation de notre fibre.<\/p>\t\t\t\t\t\t\t\t<\/div>\n\t\t\t\t<\/div>\n\t\t\t\t<div class=\"elementor-element elementor-element-df4ef03 buttonStandard elementor-widget elementor-widget-button\" data-id=\"df4ef03\" data-element_type=\"widget\" data-e-type=\"widget\" data-widget_type=\"button.default\">\n\t\t\t\t<div class=\"elementor-widget-container\">\n\t\t\t\t\t\t\t\t\t<div class=\"elementor-button-wrapper\">\n\t\t\t\t\t<a class=\"elementor-button elementor-button-link elementor-size-sm\" href=\"https:\/\/sustanasolutions.com\/wp-content\/uploads\/2023\/11\/Fibres_Sustana_EnviroLife_Analyse_cycle_vie.pdf\">\n\t\t\t\t\t\t<span class=\"elementor-button-content-wrapper\">\n\t\t\t\t\t\t<span class=\"elementor-button-icon\">\n\t\t\t\t<svg xmlns=\"http:\/\/www.w3.org\/2000\/svg\" xmlns:xlink=\"http:\/\/www.w3.org\/1999\/xlink\" id=\"Layer_1\" x=\"0px\" y=\"0px\" viewBox=\"0 0 10.4 10\" style=\"enable-background:new 0 0 10.4 10;\" xml:space=\"preserve\"><path d=\"M9.9,0.3l-8.6,0v1.5h6L0.4,8.7l1.1,1.1l6.9-6.9v6h1.5V0.3z\"><\/path><\/svg>\t\t\t<\/span>\n\t\t\t\t\t\t\t\t\t<span class=\"elementor-button-text\">T\u00e9l\u00e9charger la brochure ACV Fibre<\/span>\n\t\t\t\t\t<\/span>\n\t\t\t\t\t<\/a>\n\t\t\t\t<\/div>\n\t\t\t\t\t\t\t\t<\/div>\n\t\t\t\t<\/div>\n\t\t\t\t<\/div>\n\t\t\t\t<\/div>\n\t\t\t\t<\/div>\n\t\t<div class=\"elementor-element elementor-element-6b742d0 sectionScroll e-flex e-con-boxed e-con e-parent\" data-id=\"6b742d0\" data-element_type=\"container\" data-e-type=\"container\" data-settings=\"{&quot;jet_parallax_layout_list&quot;:[]}\">\n\t\t\t\t\t<div class=\"e-con-inner\">\n\t\t\t\t<div class=\"elementor-element elementor-element-9b03a45 elementor-widget elementor-widget-heading\" data-id=\"9b03a45\" data-element_type=\"widget\" data-e-type=\"widget\" data-widget_type=\"heading.default\">\n\t\t\t\t<div class=\"elementor-widget-container\">\n\t\t\t\t\t<h2 class=\"elementor-heading-title elementor-size-default\">Faits saillants de l\u2019analyse du cycle de vie<\/h2>\t\t\t\t<\/div>\n\t\t\t\t<\/div>\n\t\t\t\t<div class=\"elementor-element elementor-element-7a912ba elementor-widget__width-auto elementor-widget elementor-widget-text-editor\" data-id=\"7a912ba\" data-element_type=\"widget\" data-e-type=\"widget\" data-widget_type=\"text-editor.default\">\n\t\t\t\t<div class=\"elementor-widget-container\">\n\t\t\t\t\t\t\t\t\t<p><span class=\"ui-provider ee btj aye chh chi chj chk chl chm chn cho chp chq chr chs cht chu chv chw chx chy chz cia cib cic cid cie cif cig cih cii cij cik cil cim\" dir=\"ltr\">En tant que partenaire de confiance de la chai\u0302ne d\u2019approvisionnement des entreprises soucieuses de durabilite\u0301, Sustana propose des produits qui profitent aux entreprises, a\u0300 l\u2019environnement et a\u0300 la socie\u0301te\u0301 dans son ensemble.<\/span><\/p>\t\t\t\t\t\t\t\t<\/div>\n\t\t\t\t<\/div>\n\t\t\t\t<div class=\"elementor-element elementor-element-8a10438 elementor-widget elementor-widget-image\" data-id=\"8a10438\" data-element_type=\"widget\" data-e-type=\"widget\" data-widget_type=\"image.default\">\n\t\t\t\t<div class=\"elementor-widget-container\">\n\t\t\t\t\t\t\t\t\t\t\t\t\t\t\t<img fetchpriority=\"high\" decoding=\"async\" width=\"768\" height=\"593\" src=\"https:\/\/sustanasolutions.com\/wp-content\/uploads\/2023\/12\/lr9-FR@10x-min-768x593.png\" class=\"attachment-medium_large size-medium_large wp-image-3262\" alt=\"Graph 1 LCA Fiber\" srcset=\"https:\/\/sustanasolutions.com\/wp-content\/uploads\/2023\/12\/lr9-FR@10x-min-768x593.png 768w, https:\/\/sustanasolutions.com\/wp-content\/uploads\/2023\/12\/lr9-FR@10x-min-300x232.png 300w, https:\/\/sustanasolutions.com\/wp-content\/uploads\/2023\/12\/lr9-FR@10x-min-1024x791.png 1024w, https:\/\/sustanasolutions.com\/wp-content\/uploads\/2023\/12\/lr9-FR@10x-min-1536x1187.png 1536w, https:\/\/sustanasolutions.com\/wp-content\/uploads\/2023\/12\/lr9-FR@10x-min-2048x1583.png 2048w\" sizes=\"(max-width: 768px) 100vw, 768px\" \/>\t\t\t\t\t\t\t\t\t\t\t\t\t\t\t<\/div>\n\t\t\t\t<\/div>\n\t\t<div class=\"elementor-element elementor-element-dd7909e e-flex e-con-boxed e-con e-child\" data-id=\"dd7909e\" data-element_type=\"container\" data-e-type=\"container\" data-settings=\"{&quot;jet_parallax_layout_list&quot;:[]}\">\n\t\t\t\t\t<div class=\"e-con-inner\">\n\t\t<div class=\"elementor-element elementor-element-97f065c e-con-full e-flex e-con e-child\" data-id=\"97f065c\" data-element_type=\"container\" data-e-type=\"container\" data-settings=\"{&quot;jet_parallax_layout_list&quot;:[]}\">\n\t\t\t\t<\/div>\n\t\t<div class=\"elementor-element elementor-element-b080e9f e-con-full e-flex e-con e-child\" data-id=\"b080e9f\" data-element_type=\"container\" data-e-type=\"container\" data-settings=\"{&quot;jet_parallax_layout_list&quot;:[]}\">\n\t\t\t\t<\/div>\n\t\t\t\t\t<\/div>\n\t\t\t\t<\/div>\n\t\t\t\t<div class=\"elementor-element elementor-element-6a7e659 elementor-widget elementor-widget-heading\" data-id=\"6a7e659\" data-element_type=\"widget\" data-e-type=\"widget\" data-widget_type=\"heading.default\">\n\t\t\t\t<div class=\"elementor-widget-container\">\n\t\t\t\t\t<h2 class=\"elementor-heading-title elementor-size-default\">L\u2019empreinte environnementale de Sustana EnviroLife<\/h2>\t\t\t\t<\/div>\n\t\t\t\t<\/div>\n\t\t\t\t<div class=\"elementor-element elementor-element-67d10fc elementor-widget__width-auto elementor-widget elementor-widget-text-editor\" data-id=\"67d10fc\" data-element_type=\"widget\" data-e-type=\"widget\" data-widget_type=\"text-editor.default\">\n\t\t\t\t<div class=\"elementor-widget-container\">\n\t\t\t\t\t\t\t\t\t<p><span class=\"ui-provider ee btj aye chh chi chj chk chl chm chn cho chp chq chr chs cht chu chv chw chx chy chz cia cib cic cid cie cif cig cih cii cij cik cil cim\" dir=\"ltr\">Contribution aux changements climatiques<\/span><\/p>\t\t\t\t\t\t\t\t<\/div>\n\t\t\t\t<\/div>\n\t\t\t\t<div class=\"elementor-element elementor-element-5eaffe0 elementor-widget elementor-widget-image\" data-id=\"5eaffe0\" data-element_type=\"widget\" data-e-type=\"widget\" data-widget_type=\"image.default\">\n\t\t\t\t<div class=\"elementor-widget-container\">\n\t\t\t\t\t\t\t\t\t\t\t\t\t\t\t<img decoding=\"async\" width=\"768\" height=\"593\" src=\"https:\/\/sustanasolutions.com\/wp-content\/uploads\/2023\/12\/lr7_FR@10x-min-768x593.png\" class=\"attachment-medium_large size-medium_large wp-image-3271\" alt=\"Graph 2 LCA fiber\" srcset=\"https:\/\/sustanasolutions.com\/wp-content\/uploads\/2023\/12\/lr7_FR@10x-min-768x593.png 768w, https:\/\/sustanasolutions.com\/wp-content\/uploads\/2023\/12\/lr7_FR@10x-min-300x232.png 300w, https:\/\/sustanasolutions.com\/wp-content\/uploads\/2023\/12\/lr7_FR@10x-min-1024x791.png 1024w, https:\/\/sustanasolutions.com\/wp-content\/uploads\/2023\/12\/lr7_FR@10x-min-1536x1187.png 1536w, https:\/\/sustanasolutions.com\/wp-content\/uploads\/2023\/12\/lr7_FR@10x-min-2048x1583.png 2048w\" sizes=\"(max-width: 768px) 100vw, 768px\" \/>\t\t\t\t\t\t\t\t\t\t\t\t\t\t\t<\/div>\n\t\t\t\t<\/div>\n\t\t\t\t\t<\/div>\n\t\t\t\t<\/div>\n\t\t<div class=\"elementor-element elementor-element-90ff1a6 e-flex e-con-boxed e-con e-parent\" data-id=\"90ff1a6\" data-element_type=\"container\" data-e-type=\"container\" data-settings=\"{&quot;jet_parallax_layout_list&quot;:[]}\">\n\t\t\t\t\t<div class=\"e-con-inner\">\n\t\t\t\t<div class=\"elementor-element elementor-element-142e7c6 elementor-widget elementor-widget-heading\" data-id=\"142e7c6\" data-element_type=\"widget\" data-e-type=\"widget\" data-widget_type=\"heading.default\">\n\t\t\t\t<div class=\"elementor-widget-container\">\n\t\t\t\t\t<h2 class=\"elementor-heading-title elementor-size-default\">Notre brochure ACV\n<\/h2>\t\t\t\t<\/div>\n\t\t\t\t<\/div>\n\t\t\t\t<div class=\"elementor-element elementor-element-f82822f elementor-widget__width-initial elementor-widget elementor-widget-text-editor\" data-id=\"f82822f\" data-element_type=\"widget\" data-e-type=\"widget\" data-widget_type=\"text-editor.default\">\n\t\t\t\t<div class=\"elementor-widget-container\">\n\t\t\t\t\t\t\t\t\t<p>Vous aimeriez en savoir plus? T\u00e9l\u00e9chargez notre brochure ACV pour d\u00e9couvrir comment nous quantifions notre empreinte environnementale afin de r\u00e9duire la v\u00f4tre.<\/p>\t\t\t\t\t\t\t\t<\/div>\n\t\t\t\t<\/div>\n\t\t\t\t<div class=\"elementor-element elementor-element-6d3d2cf buttonStandard elementor-widget elementor-widget-button\" data-id=\"6d3d2cf\" data-element_type=\"widget\" data-e-type=\"widget\" data-widget_type=\"button.default\">\n\t\t\t\t<div class=\"elementor-widget-container\">\n\t\t\t\t\t\t\t\t\t<div class=\"elementor-button-wrapper\">\n\t\t\t\t\t<a class=\"elementor-button elementor-button-link elementor-size-sm\" href=\"https:\/\/sustanasolutions.com\/wp-content\/uploads\/2023\/11\/Fibres_Sustana_EnviroLife_Analyse_cycle_vie.pdf\">\n\t\t\t\t\t\t<span class=\"elementor-button-content-wrapper\">\n\t\t\t\t\t\t<span class=\"elementor-button-icon\">\n\t\t\t\t<svg xmlns=\"http:\/\/www.w3.org\/2000\/svg\" xmlns:xlink=\"http:\/\/www.w3.org\/1999\/xlink\" id=\"Layer_1\" x=\"0px\" y=\"0px\" viewBox=\"0 0 10.4 10\" style=\"enable-background:new 0 0 10.4 10;\" xml:space=\"preserve\"><path d=\"M9.9,0.3l-8.6,0v1.5h6L0.4,8.7l1.1,1.1l6.9-6.9v6h1.5V0.3z\"><\/path><\/svg>\t\t\t<\/span>\n\t\t\t\t\t\t\t\t\t<span class=\"elementor-button-text\">T\u00e9l\u00e9charger la brochure ACV Fibre<\/span>\n\t\t\t\t\t<\/span>\n\t\t\t\t\t<\/a>\n\t\t\t\t<\/div>\n\t\t\t\t\t\t\t\t<\/div>\n\t\t\t\t<\/div>\n\t\t\t\t\t<\/div>\n\t\t\t\t<\/div>\n\t\t\t\t<\/div>\n\t\t","protected":false},"excerpt":{"rendered":"<p>ACV Fibres En utilisant le produit Sustana EnviroLifeMC , vous pouvez am\u00e9liorer consid\u00e9rablement votre bilan \u00e9cologique. Nous avons r\u00e9alis\u00e9 une analyse du cycle de vie (ACV) pour \u00e9valuer et mesurer l\u2019empreinte de notre produit. Et maintenant, nous pouvons vous aider \u00e0 g\u00e9rer l\u2019empreinte \u00e9cologique de votre utilisation de notre fibre. T\u00e9l\u00e9charger la brochure ACV Fibre [&hellip;]<\/p>\n","protected":false},"author":3,"featured_media":0,"parent":2538,"menu_order":6,"comment_status":"closed","ping_status":"closed","template":"elementor_header_footer","meta":{"footnotes":""},"class_list":["post-3115","page","type-page","status-publish","hentry"],"_links":{"self":[{"href":"https:\/\/sustanasolutions.com\/fr\/wp-json\/wp\/v2\/pages\/3115","targetHints":{"allow":["GET"]}}],"collection":[{"href":"https:\/\/sustanasolutions.com\/fr\/wp-json\/wp\/v2\/pages"}],"about":[{"href":"https:\/\/sustanasolutions.com\/fr\/wp-json\/wp\/v2\/types\/page"}],"author":[{"embeddable":true,"href":"https:\/\/sustanasolutions.com\/fr\/wp-json\/wp\/v2\/users\/3"}],"replies":[{"embeddable":true,"href":"https:\/\/sustanasolutions.com\/fr\/wp-json\/wp\/v2\/comments?post=3115"}],"version-history":[{"count":4,"href":"https:\/\/sustanasolutions.com\/fr\/wp-json\/wp\/v2\/pages\/3115\/revisions"}],"predecessor-version":[{"id":4528,"href":"https:\/\/sustanasolutions.com\/fr\/wp-json\/wp\/v2\/pages\/3115\/revisions\/4528"}],"up":[{"embeddable":true,"href":"https:\/\/sustanasolutions.com\/fr\/wp-json\/wp\/v2\/pages\/2538"}],"wp:attachment":[{"href":"https:\/\/sustanasolutions.com\/fr\/wp-json\/wp\/v2\/media?parent=3115"}],"curies":[{"name":"wp","href":"https:\/\/api.w.org\/{rel}","templated":true}]}}