{"id":3217,"date":"2023-11-29T16:50:57","date_gmt":"2023-11-29T21:50:57","guid":{"rendered":"https:\/\/sustanasolutions.com\/?page_id=3217"},"modified":"2024-01-11T20:06:41","modified_gmt":"2024-01-11T20:06:41","slug":"papiers","status":"publish","type":"page","link":"https:\/\/sustanasolutions.com\/fr\/durabilite\/analyse-du-cycle-de-vie\/papiers\/","title":{"rendered":"ACV Papiers"},"content":{"rendered":"\t\t<div data-elementor-type=\"wp-page\" data-elementor-id=\"3217\" class=\"elementor elementor-3217 elementor-2857\" data-elementor-post-type=\"page\">\n\t\t\t\t<div class=\"elementor-element elementor-element-fb3cc89 sectionHero e-con-full e-flex e-con e-parent\" data-id=\"fb3cc89\" data-element_type=\"container\" data-e-type=\"container\" data-settings=\"{&quot;background_background&quot;:&quot;classic&quot;,&quot;jet_parallax_layout_list&quot;:[]}\">\n\t\t<div class=\"elementor-element elementor-element-ae0a745 e-con-full e-flex e-con e-child\" data-id=\"ae0a745\" data-element_type=\"container\" data-e-type=\"container\" data-settings=\"{&quot;jet_parallax_layout_list&quot;:[],&quot;background_background&quot;:&quot;classic&quot;}\">\n\t\t\t\t<div class=\"elementor-element elementor-element-902fab8 elementor-widget__width-initial heroHeading elementor-widget elementor-widget-heading\" data-id=\"902fab8\" data-element_type=\"widget\" data-e-type=\"widget\" data-widget_type=\"heading.default\">\n\t\t\t\t<div class=\"elementor-widget-container\">\n\t\t\t\t\t<h1 class=\"elementor-heading-title elementor-size-default\">ACV Papiers<\/h1>\t\t\t\t<\/div>\n\t\t\t\t<\/div>\n\t\t\t\t<\/div>\n\t\t<div class=\"elementor-element elementor-element-f23c059 e-con-full e-flex e-con e-child\" data-id=\"f23c059\" data-element_type=\"container\" data-e-type=\"container\" data-settings=\"{&quot;jet_parallax_layout_list&quot;:[]}\">\n\t\t<div class=\"elementor-element elementor-element-0267eec heroDescriptionWrapper e-con-full e-flex e-con e-child\" data-id=\"0267eec\" data-element_type=\"container\" data-e-type=\"container\" data-settings=\"{&quot;background_background&quot;:&quot;classic&quot;,&quot;jet_parallax_layout_list&quot;:[]}\">\n\t\t\t\t<div class=\"elementor-element elementor-element-5d26c75 elementor-widget elementor-widget-text-editor\" data-id=\"5d26c75\" data-element_type=\"widget\" data-e-type=\"widget\" data-widget_type=\"text-editor.default\">\n\t\t\t\t<div class=\"elementor-widget-container\">\n\t\t\t\t\t\t\t\t\t<p>Chez Sustana, nous allons au-del\u00e0 du recyclage pour analyser les r\u00e9percussions de toutes nos activit\u00e9s. Une analyse du cycle de vie (ACV) visant \u00e0 \u00e9valuer et \u00e0 am\u00e9liorer la performance \u00e9cologique de nos papiers a d\u00e9montr\u00e9 que l\u2019empreinte environnementale du papier Sustana Enviro<sup>MC<\/sup>\u00a0est plus petite que celle de la moyenne des papiers en Am\u00e9rique du Nord.<\/p>\t\t\t\t\t\t\t\t<\/div>\n\t\t\t\t<\/div>\n\t\t\t\t<\/div>\n\t\t\t\t<\/div>\n\t\t\t\t<\/div>\n\t\t<div class=\"elementor-element elementor-element-5cbb43a sectionScroll e-flex e-con-boxed e-con e-parent\" data-id=\"5cbb43a\" data-element_type=\"container\" data-e-type=\"container\" data-settings=\"{&quot;jet_parallax_layout_list&quot;:[]}\">\n\t\t\t\t\t<div class=\"e-con-inner\">\n\t\t<div class=\"elementor-element elementor-element-419115b e-flex e-con-boxed e-con e-child\" data-id=\"419115b\" data-element_type=\"container\" data-e-type=\"container\" data-settings=\"{&quot;jet_parallax_layout_list&quot;:[]}\">\n\t\t\t\t\t<div class=\"e-con-inner\">\n\t\t<div class=\"elementor-element elementor-element-c1182f0 e-con-full e-flex e-con e-child\" data-id=\"c1182f0\" data-element_type=\"container\" data-e-type=\"container\" data-settings=\"{&quot;jet_parallax_layout_list&quot;:[]}\">\n\t\t\t\t<div class=\"elementor-element elementor-element-f6d102e elementor-widget elementor-widget-image\" data-id=\"f6d102e\" data-element_type=\"widget\" data-e-type=\"widget\" data-widget_type=\"image.default\">\n\t\t\t\t<div class=\"elementor-widget-container\">\n\t\t\t\t\t\t\t\t\t\t\t\t\t\t\t<img fetchpriority=\"high\" decoding=\"async\" width=\"455\" height=\"470\" src=\"https:\/\/sustanasolutions.com\/wp-content\/uploads\/2023\/11\/4-LCA-paper-grade.jpg\" class=\"attachment-large size-large wp-image-2554\" alt=\"\" srcset=\"https:\/\/sustanasolutions.com\/wp-content\/uploads\/2023\/11\/4-LCA-paper-grade.jpg 455w, https:\/\/sustanasolutions.com\/wp-content\/uploads\/2023\/11\/4-LCA-paper-grade-290x300.jpg 290w\" sizes=\"(max-width: 455px) 100vw, 455px\" \/>\t\t\t\t\t\t\t\t\t\t\t\t\t\t\t<\/div>\n\t\t\t\t<\/div>\n\t\t\t\t<\/div>\n\t\t<div class=\"elementor-element elementor-element-42dd9ee e-con-full e-flex e-con e-child\" data-id=\"42dd9ee\" data-element_type=\"container\" data-e-type=\"container\" data-settings=\"{&quot;jet_parallax_layout_list&quot;:[]}\">\n\t\t\t\t<div class=\"elementor-element elementor-element-2334a12 elementor-widget elementor-widget-heading\" data-id=\"2334a12\" data-element_type=\"widget\" data-e-type=\"widget\" data-widget_type=\"heading.default\">\n\t\t\t\t<div class=\"elementor-widget-container\">\n\t\t\t\t\t<h2 class=\"elementor-heading-title elementor-size-default\">Sustana Enviro<sup>MC<\/sup>\u202f: le meilleur papier de sa cat\u00e9gorie <\/h2>\t\t\t\t<\/div>\n\t\t\t\t<\/div>\n\t\t\t\t<div class=\"elementor-element elementor-element-19111af elementor-widget__width-initial elementor-widget elementor-widget-text-editor\" data-id=\"19111af\" data-element_type=\"widget\" data-e-type=\"widget\" data-widget_type=\"text-editor.default\">\n\t\t\t\t<div class=\"elementor-widget-container\">\n\t\t\t\t\t\t\t\t\t<p>La gamme de papiers Sustana Enviro<sup>MC<\/sup> poss\u00e8de la plus petite empreinte environnementale de l\u2019industrie. C\u2019est en grande partie parce qu\u2019il est enti\u00e8rement fait de fibres recycl\u00e9es durables d\u00e9sencr\u00e9es sans chlore, et fabriqu\u00e9 au moyen de l\u2019\u00e9nergie renouvelable hydro\u00e9lectrique.<\/p>\t\t\t\t\t\t\t\t<\/div>\n\t\t\t\t<\/div>\n\t\t\t\t<\/div>\n\t\t\t\t\t<\/div>\n\t\t\t\t<\/div>\n\t\t\t\t\t<\/div>\n\t\t\t\t<\/div>\n\t\t<div class=\"elementor-element elementor-element-21f5c61 sectionScroll e-flex e-con-boxed e-con e-parent\" data-id=\"21f5c61\" data-element_type=\"container\" data-e-type=\"container\" data-settings=\"{&quot;background_background&quot;:&quot;classic&quot;,&quot;jet_parallax_layout_list&quot;:[]}\">\n\t\t\t\t\t<div class=\"e-con-inner\">\n\t\t\t\t<div class=\"elementor-element elementor-element-84b5878 elementor-widget elementor-widget-heading\" data-id=\"84b5878\" data-element_type=\"widget\" data-e-type=\"widget\" data-widget_type=\"heading.default\">\n\t\t\t\t<div class=\"elementor-widget-container\">\n\t\t\t\t\t<h2 class=\"elementor-heading-title elementor-size-default\">Comparaison  <\/h2>\t\t\t\t<\/div>\n\t\t\t\t<\/div>\n\t\t\t\t<div class=\"elementor-element elementor-element-1b78737 elementor-widget elementor-widget-text-editor\" data-id=\"1b78737\" data-element_type=\"widget\" data-e-type=\"widget\" data-widget_type=\"text-editor.default\">\n\t\t\t\t<div class=\"elementor-widget-container\">\n\t\t\t\t\t\t\t\t\tSustana Enviro<sup>MC<\/sup> \u202fest le meilleur par rapport \u00e0 la moyenne de papiers vierges et 100% recycl\u00e9s en Am\u00e9rique du Nord.\t\t\t\t\t\t\t\t<\/div>\n\t\t\t\t<\/div>\n\t\t<div class=\"elementor-element elementor-element-a14d927 e-flex e-con-boxed e-con e-child\" data-id=\"a14d927\" data-element_type=\"container\" data-e-type=\"container\" data-settings=\"{&quot;jet_parallax_layout_list&quot;:[]}\">\n\t\t\t\t\t<div class=\"e-con-inner\">\n\t\t<div class=\"elementor-element elementor-element-7d8d8b8 e-flex e-con-boxed e-con e-child\" data-id=\"7d8d8b8\" data-element_type=\"container\" data-e-type=\"container\" data-settings=\"{&quot;jet_parallax_layout_list&quot;:[]}\">\n\t\t\t\t\t<div class=\"e-con-inner\">\n\t\t\t\t<div class=\"elementor-element elementor-element-6e917b6 elementor-widget elementor-widget-heading\" data-id=\"6e917b6\" data-element_type=\"widget\" data-e-type=\"widget\" data-widget_type=\"heading.default\">\n\t\t\t\t<div class=\"elementor-widget-container\">\n\t\t\t\t\t<h4 class=\"elementor-heading-title elementor-size-default\">Changement climatique  <\/h4>\t\t\t\t<\/div>\n\t\t\t\t<\/div>\n\t\t\t\t<div class=\"elementor-element elementor-element-7182f2c elementor-widget elementor-widget-text-editor\" data-id=\"7182f2c\" data-element_type=\"widget\" data-e-type=\"widget\" data-widget_type=\"text-editor.default\">\n\t\t\t\t<div class=\"elementor-widget-container\">\n\t\t\t\t\t\t\t\t\t<p><span class=\"TextRun SCXW106779229 BCX0\" lang=\"FR-CA\" xml:lang=\"FR-CA\" data-contrast=\"auto\"><span class=\"NormalTextRun SCXW106779229 BCX0\">R\u00e9chauffement plan\u00e9taire potentiel<\/span><\/span><span class=\"EOP SCXW106779229 BCX0\" data-ccp-props=\"{}\">\u00a0<\/span><\/p>\t\t\t\t\t\t\t\t<\/div>\n\t\t\t\t<\/div>\n\t\t\t\t<div class=\"elementor-element elementor-element-07b5923 elementor-widget__width-inherit elementor-widget elementor-widget-image\" data-id=\"07b5923\" data-element_type=\"widget\" data-e-type=\"widget\" data-widget_type=\"image.default\">\n\t\t\t\t<div class=\"elementor-widget-container\">\n\t\t\t\t\t\t\t\t\t\t\t\t\t\t\t<img decoding=\"async\" width=\"217\" height=\"254\" src=\"https:\/\/sustanasolutions.com\/wp-content\/uploads\/2023\/11\/climat.png\" class=\"attachment-large size-large wp-image-2568\" alt=\"\" \/>\t\t\t\t\t\t\t\t\t\t\t\t\t\t\t<\/div>\n\t\t\t\t<\/div>\n\t\t\t\t\t<\/div>\n\t\t\t\t<\/div>\n\t\t<div class=\"elementor-element elementor-element-bb0dcd9 e-flex e-con-boxed e-con e-child\" data-id=\"bb0dcd9\" data-element_type=\"container\" data-e-type=\"container\" data-settings=\"{&quot;jet_parallax_layout_list&quot;:[]}\">\n\t\t\t\t\t<div class=\"e-con-inner\">\n\t\t\t\t<div class=\"elementor-element elementor-element-8e2b4c6 elementor-widget elementor-widget-heading\" data-id=\"8e2b4c6\" data-element_type=\"widget\" data-e-type=\"widget\" data-widget_type=\"heading.default\">\n\t\t\t\t<div class=\"elementor-widget-container\">\n\t\t\t\t\t<h4 class=\"elementor-heading-title elementor-size-default\">Biodiversit\u00e9 <\/h4>\t\t\t\t<\/div>\n\t\t\t\t<\/div>\n\t\t\t\t<div class=\"elementor-element elementor-element-426a3ae elementor-widget elementor-widget-text-editor\" data-id=\"426a3ae\" data-element_type=\"widget\" data-e-type=\"widget\" data-widget_type=\"text-editor.default\">\n\t\t\t\t<div class=\"elementor-widget-container\">\n\t\t\t\t\t\t\t\t\t<p>Esp\u00e8ces potentiellement affect\u00e9es par la gestion foresti\u00e8re<\/p>\t\t\t\t\t\t\t\t<\/div>\n\t\t\t\t<\/div>\n\t\t\t\t<div class=\"elementor-element elementor-element-4437951 elementor-widget elementor-widget-image\" data-id=\"4437951\" data-element_type=\"widget\" data-e-type=\"widget\" data-widget_type=\"image.default\">\n\t\t\t\t<div class=\"elementor-widget-container\">\n\t\t\t\t\t\t\t\t\t\t\t\t\t\t\t<img decoding=\"async\" width=\"218\" height=\"254\" src=\"https:\/\/sustanasolutions.com\/wp-content\/uploads\/2023\/11\/biodviersity-1.png\" class=\"attachment-full size-full wp-image-2570\" alt=\"\" \/>\t\t\t\t\t\t\t\t\t\t\t\t\t\t\t<\/div>\n\t\t\t\t<\/div>\n\t\t\t\t\t<\/div>\n\t\t\t\t<\/div>\n\t\t<div class=\"elementor-element elementor-element-075bca0 e-flex e-con-boxed e-con e-child\" data-id=\"075bca0\" data-element_type=\"container\" data-e-type=\"container\" data-settings=\"{&quot;jet_parallax_layout_list&quot;:[]}\">\n\t\t\t\t\t<div class=\"e-con-inner\">\n\t\t\t\t<div class=\"elementor-element elementor-element-a4b5cdc elementor-widget elementor-widget-heading\" data-id=\"a4b5cdc\" data-element_type=\"widget\" data-e-type=\"widget\" data-widget_type=\"heading.default\">\n\t\t\t\t<div class=\"elementor-widget-container\">\n\t\t\t\t\t<h4 class=\"elementor-heading-title elementor-size-default\">Qualit\u00e9 de l\u2019eau  <\/h4>\t\t\t\t<\/div>\n\t\t\t\t<\/div>\n\t\t\t\t<div class=\"elementor-element elementor-element-d57fbee elementor-widget elementor-widget-text-editor\" data-id=\"d57fbee\" data-element_type=\"widget\" data-e-type=\"widget\" data-widget_type=\"text-editor.default\">\n\t\t\t\t<div class=\"elementor-widget-container\">\n\t\t\t\t\t\t\t\t\t<p>Contribution \u00e0 l&rsquo;eutrophisation des eaux douces<\/p>\t\t\t\t\t\t\t\t<\/div>\n\t\t\t\t<\/div>\n\t\t\t\t<div class=\"elementor-element elementor-element-f1299b0 elementor-widget__width-inherit elementor-widget elementor-widget-image\" data-id=\"f1299b0\" data-element_type=\"widget\" data-e-type=\"widget\" data-widget_type=\"image.default\">\n\t\t\t\t<div class=\"elementor-widget-container\">\n\t\t\t\t\t\t\t\t\t\t\t\t\t\t\t<img loading=\"lazy\" decoding=\"async\" width=\"218\" height=\"254\" src=\"https:\/\/sustanasolutions.com\/wp-content\/uploads\/2023\/12\/water.png\" class=\"attachment-full size-full wp-image-3218\" alt=\"\" \/>\t\t\t\t\t\t\t\t\t\t\t\t\t\t\t<\/div>\n\t\t\t\t<\/div>\n\t\t\t\t\t<\/div>\n\t\t\t\t<\/div>\n\t\t\t\t\t<\/div>\n\t\t\t\t<\/div>\n\t\t\t\t\t<\/div>\n\t\t\t\t<\/div>\n\t\t<div class=\"elementor-element elementor-element-75def49 sectionScroll e-flex e-con-boxed e-con e-parent\" data-id=\"75def49\" data-element_type=\"container\" data-e-type=\"container\" data-settings=\"{&quot;jet_parallax_layout_list&quot;:[]}\">\n\t\t\t\t\t<div class=\"e-con-inner\">\n\t\t<div class=\"elementor-element elementor-element-8abbc1f e-flex e-con-boxed e-con e-child\" data-id=\"8abbc1f\" data-element_type=\"container\" data-e-type=\"container\" data-settings=\"{&quot;jet_parallax_layout_list&quot;:[]}\">\n\t\t\t\t\t<div class=\"e-con-inner\">\n\t\t<div class=\"elementor-element elementor-element-5ce4754 e-con-full e-flex e-con e-child\" data-id=\"5ce4754\" data-element_type=\"container\" data-e-type=\"container\" data-settings=\"{&quot;jet_parallax_layout_list&quot;:[]}\">\n\t\t\t\t<div class=\"elementor-element elementor-element-1e72e39 elementor-widget elementor-widget-image\" data-id=\"1e72e39\" data-element_type=\"widget\" data-e-type=\"widget\" data-widget_type=\"image.default\">\n\t\t\t\t<div class=\"elementor-widget-container\">\n\t\t\t\t\t\t\t\t\t\t\t\t\t\t\t<img loading=\"lazy\" decoding=\"async\" width=\"1095\" height=\"846\" src=\"https:\/\/sustanasolutions.com\/wp-content\/uploads\/2023\/11\/GRAPH_FR-2.svg\" class=\"attachment-2048x2048 size-2048x2048 wp-image-2819\" alt=\"Graph empreinte environnementale des produits Sustana\" \/>\t\t\t\t\t\t\t\t\t\t\t\t\t\t\t<\/div>\n\t\t\t\t<\/div>\n\t\t\t\t<\/div>\n\t\t<div class=\"elementor-element elementor-element-116bcea e-con-full e-flex e-con e-child\" data-id=\"116bcea\" data-element_type=\"container\" data-e-type=\"container\" data-settings=\"{&quot;jet_parallax_layout_list&quot;:[]}\">\n\t\t\t\t<div class=\"elementor-element elementor-element-c067799 elementor-widget elementor-widget-heading\" data-id=\"c067799\" data-element_type=\"widget\" data-e-type=\"widget\" data-widget_type=\"heading.default\">\n\t\t\t\t<div class=\"elementor-widget-container\">\n\t\t\t\t\t<h2 class=\"elementor-heading-title elementor-size-default\">L\u2019empreinte environnementale des produits Sustana <\/h2>\t\t\t\t<\/div>\n\t\t\t\t<\/div>\n\t\t\t\t<div class=\"elementor-element elementor-element-6fa9b97 elementor-widget__width-initial elementor-widget elementor-widget-text-editor\" data-id=\"6fa9b97\" data-element_type=\"widget\" data-e-type=\"widget\" data-widget_type=\"text-editor.default\">\n\t\t\t\t<div class=\"elementor-widget-container\">\n\t\t\t\t\t\t\t\t\t<h5><span lang=\"FR-CA\" xml:lang=\"FR-CA\" data-contrast=\"auto\"><span data-ccp-parastyle=\"Normal (Web)\">Contribution aux changements climatiques<\/span><\/span><\/h5><p>L\u2019impact du papier Sustana Enviro<sup>MC<\/sup> sur les changements climatiques est principalement imputable aux \u00e9missions cr\u00e9\u00e9es par la d\u00e9composition du papier dans les sites d\u2019enfouissement et par le carburant utilis\u00e9 pour la collecte des vieux papiers. La source d\u2019\u00e9nergie que nous utilisons, l\u2019hydro\u00e9lectricit\u00e9, contribue \u00e0 r\u00e9duire consid\u00e9rablement notre contribution aux changements climatiques.<\/p><p>TOTAL : 1027 kg \u00e9q.CO2\/tonne m\u00e9trique de papier<\/p>\t\t\t\t\t\t\t\t<\/div>\n\t\t\t\t<\/div>\n\t\t\t\t<\/div>\n\t\t\t\t\t<\/div>\n\t\t\t\t<\/div>\n\t\t\t\t\t<\/div>\n\t\t\t\t<\/div>\n\t\t<div class=\"elementor-element elementor-element-2473068 e-flex e-con-boxed e-con e-parent\" data-id=\"2473068\" data-element_type=\"container\" data-e-type=\"container\" data-settings=\"{&quot;jet_parallax_layout_list&quot;:[]}\">\n\t\t\t\t\t<div class=\"e-con-inner\">\n\t\t\t\t<div class=\"elementor-element elementor-element-7e211fc elementor-widget elementor-widget-heading\" data-id=\"7e211fc\" data-element_type=\"widget\" data-e-type=\"widget\" data-widget_type=\"heading.default\">\n\t\t\t\t<div class=\"elementor-widget-container\">\n\t\t\t\t\t<h2 class=\"elementor-heading-title elementor-size-default\">Notre brochure ACV  <\/h2>\t\t\t\t<\/div>\n\t\t\t\t<\/div>\n\t\t\t\t<div class=\"elementor-element elementor-element-f1654b5 elementor-widget__width-initial elementor-widget elementor-widget-text-editor\" data-id=\"f1654b5\" data-element_type=\"widget\" data-e-type=\"widget\" data-widget_type=\"text-editor.default\">\n\t\t\t\t<div class=\"elementor-widget-container\">\n\t\t\t\t\t\t\t\t\t<p>Vous aimeriez en savoir plus? T\u00e9l\u00e9chargez notre brochure ACV pour d\u00e9couvrir comment nous quantifions notre empreinte environnementale afin de r\u00e9duire la v\u00f4tre.<\/p>\t\t\t\t\t\t\t\t<\/div>\n\t\t\t\t<\/div>\n\t\t\t\t<div class=\"elementor-element elementor-element-debe1ca elementor-align-left buttonStandard buttonDownload elementor-widget elementor-widget-button\" data-id=\"debe1ca\" data-element_type=\"widget\" data-e-type=\"widget\" data-widget_type=\"button.default\">\n\t\t\t\t<div class=\"elementor-widget-container\">\n\t\t\t\t\t\t\t\t\t<div class=\"elementor-button-wrapper\">\n\t\t\t\t\t<a class=\"elementor-button elementor-button-link elementor-size-sm\" href=\"https:\/\/sustanasolutions.com\/wp-content\/uploads\/2023\/11\/ROL_LCA_Brochure_FR_WEB-1.pdf\" download=\"\">\n\t\t\t\t\t\t<span class=\"elementor-button-content-wrapper\">\n\t\t\t\t\t\t<span class=\"elementor-button-icon\">\n\t\t\t\t<svg xmlns=\"http:\/\/www.w3.org\/2000\/svg\" xmlns:xlink=\"http:\/\/www.w3.org\/1999\/xlink\" id=\"Layer_1\" x=\"0px\" y=\"0px\" viewBox=\"0 0 9.5 10\" style=\"enable-background:new 0 0 9.5 10;\" xml:space=\"preserve\"><style type=\"text\/css\">\t.st0{fill-rule:evenodd;clip-rule:evenodd;}<\/style><path class=\"st0\" d=\"M4.3,7.8V0.3h1v7.5l3.3-3.3l0.7,0.7L4.8,9.7L0.3,5.2L1,4.5L4.3,7.8z\"><\/path><\/svg>\t\t\t<\/span>\n\t\t\t\t\t\t\t\t\t<span class=\"elementor-button-text\">T\u00e9l\u00e9charger la brochure ACV  <\/span>\n\t\t\t\t\t<\/span>\n\t\t\t\t\t<\/a>\n\t\t\t\t<\/div>\n\t\t\t\t\t\t\t\t<\/div>\n\t\t\t\t<\/div>\n\t\t\t\t\t<\/div>\n\t\t\t\t<\/div>\n\t\t\t\t<\/div>\n\t\t","protected":false},"excerpt":{"rendered":"<p>ACV Papiers Chez Sustana, nous allons au-del\u00e0 du recyclage pour analyser les r\u00e9percussions de toutes nos activit\u00e9s. Une analyse du cycle de vie (ACV) visant \u00e0 \u00e9valuer et \u00e0 am\u00e9liorer la performance \u00e9cologique de nos papiers a d\u00e9montr\u00e9 que l\u2019empreinte environnementale du papier Sustana EnviroMC\u00a0est plus petite que celle de la moyenne des papiers en [&hellip;]<\/p>\n","protected":false},"author":3,"featured_media":0,"parent":2538,"menu_order":0,"comment_status":"closed","ping_status":"closed","template":"","meta":{"footnotes":""},"class_list":["post-3217","page","type-page","status-publish","hentry"],"_links":{"self":[{"href":"https:\/\/sustanasolutions.com\/fr\/wp-json\/wp\/v2\/pages\/3217","targetHints":{"allow":["GET"]}}],"collection":[{"href":"https:\/\/sustanasolutions.com\/fr\/wp-json\/wp\/v2\/pages"}],"about":[{"href":"https:\/\/sustanasolutions.com\/fr\/wp-json\/wp\/v2\/types\/page"}],"author":[{"embeddable":true,"href":"https:\/\/sustanasolutions.com\/fr\/wp-json\/wp\/v2\/users\/3"}],"replies":[{"embeddable":true,"href":"https:\/\/sustanasolutions.com\/fr\/wp-json\/wp\/v2\/comments?post=3217"}],"version-history":[{"count":5,"href":"https:\/\/sustanasolutions.com\/fr\/wp-json\/wp\/v2\/pages\/3217\/revisions"}],"predecessor-version":[{"id":4524,"href":"https:\/\/sustanasolutions.com\/fr\/wp-json\/wp\/v2\/pages\/3217\/revisions\/4524"}],"up":[{"embeddable":true,"href":"https:\/\/sustanasolutions.com\/fr\/wp-json\/wp\/v2\/pages\/2538"}],"wp:attachment":[{"href":"https:\/\/sustanasolutions.com\/fr\/wp-json\/wp\/v2\/media?parent=3217"}],"curies":[{"name":"wp","href":"https:\/\/api.w.org\/{rel}","templated":true}]}}